{"id":1195,"date":"2024-01-22T12:28:09","date_gmt":"2024-01-22T10:28:09","guid":{"rendered":"https:\/\/soliaras.eu\/soliaras-dienorastis\/"},"modified":"2025-03-17T12:34:10","modified_gmt":"2025-03-17T10:34:10","slug":"diario-del-retorno-solar","status":"publish","type":"product","link":"https:\/\/soliaras.eu\/es\/diario-del-retorno-solar\/","title":{"rendered":"Diario del Retorno Solar"},"content":{"rendered":"<ul>\n<li>\u00bfPor qu\u00e9 vale la pena rellenar un \u201cDiario del Retorno Solar\u201d? \u00a1Porque las entradas individuales que aparecen en \u00e9l realmente mejorar\u00e1n la calidad de tu vida hasta tu pr\u00f3ximo cumplea\u00f1os! El \u00abDiario del Retorno Solar\u00bb probablemente no cumplir\u00e1 todos los deseos, pero sin duda brindar\u00e1 una oportunidad para atraer la buena suerte y mitigar los eventos negativos.<\/li>\n<li>Los 12 d\u00edas posteriores a tu cumplea\u00f1os corresponden al a\u00f1o que durar\u00e1 hasta tu pr\u00f3ximo cumplea\u00f1os, es decir, el primer d\u00eda corresponde al primer mes, el segundo d\u00eda revela las pautas para el segundo mes, y as\u00ed sucesivamente.<\/li>\n<li>Recibir\u00e1s toda la informaci\u00f3n detallada sobre la \u201cDiario del Retorno Solar\u201d despu\u00e9s de comprar el producto listo para rellenar.<\/li>\n<\/ul>\n","protected":false},"excerpt":{"rendered":"<p>\u00bfPor qu\u00e9 vale la pena rellenar un \u201cDiario del Retorno Solar\u201d? \u00a1Porque las entradas individuales que aparecen en \u00e9l realmente mejorar\u00e1n la calidad de tu vida hasta tu pr\u00f3ximo cumplea\u00f1os! El \u00abDiario del Retorno Solar\u00bb probablemente no cumplir\u00e1 todos los deseos, pero sin duda brindar\u00e1 una oportunidad para atraer la buena suerte y mitigar los [&hellip;]<\/p>\n","protected":false},"featured_media":1270,"template":"","meta":[],"product_brand":[],"product_cat":[38],"product_tag":[],"class_list":{"0":"post-1195","1":"product","2":"type-product","3":"status-publish","4":"has-post-thumbnail","6":"product_cat-uncategorized-es","8":"first","9":"instock","10":"shipping-taxable","11":"purchasable","12":"product-type-variable"},"_links":{"self":[{"href":"https:\/\/soliaras.eu\/es\/wp-json\/wp\/v2\/product\/1195","targetHints":{"allow":["GET"]}}],"collection":[{"href":"https:\/\/soliaras.eu\/es\/wp-json\/wp\/v2\/product"}],"about":[{"href":"https:\/\/soliaras.eu\/es\/wp-json\/wp\/v2\/types\/product"}],"wp:featuredmedia":[{"embeddable":true,"href":"https:\/\/soliaras.eu\/es\/wp-json\/wp\/v2\/media\/1270"}],"wp:attachment":[{"href":"https:\/\/soliaras.eu\/es\/wp-json\/wp\/v2\/media?parent=1195"}],"wp:term":[{"taxonomy":"product_brand","embeddable":true,"href":"https:\/\/soliaras.eu\/es\/wp-json\/wp\/v2\/product_brand?post=1195"},{"taxonomy":"product_cat","embeddable":true,"href":"https:\/\/soliaras.eu\/es\/wp-json\/wp\/v2\/product_cat?post=1195"},{"taxonomy":"product_tag","embeddable":true,"href":"https:\/\/soliaras.eu\/es\/wp-json\/wp\/v2\/product_tag?post=1195"}],"curies":[{"name":"wp","href":"https:\/\/api.w.org\/{rel}","templated":true}]}}