{"id":1144,"date":"2023-10-29T17:55:20","date_gmt":"2023-10-29T15:55:20","guid":{"rendered":"https:\/\/soliaras.eu\/pirkimo-taisykles\/"},"modified":"2025-03-17T12:12:11","modified_gmt":"2025-03-17T10:12:11","slug":"condiciones-de-compra","status":"publish","type":"page","link":"https:\/\/soliaras.eu\/es\/condiciones-de-compra\/","title":{"rendered":"Condiciones de compra"},"content":{"rendered":"\t\t<div data-elementor-type=\"wp-page\" data-elementor-id=\"1144\" class=\"elementor elementor-1144 elementor-10\" data-elementor-post-type=\"page\">\n\t\t\t\t<div class=\"elementor-element elementor-element-1dc2aed e-flex e-con-boxed e-con e-parent\" data-id=\"1dc2aed\" data-element_type=\"container\" data-e-type=\"container\" data-settings=\"{&quot;background_background&quot;:&quot;classic&quot;}\">\n\t\t\t\t\t<div class=\"e-con-inner\">\n\t\t\t\t<div class=\"elementor-element elementor-element-30fa874 elementor-invisible elementor-widget elementor-widget-heading\" data-id=\"30fa874\" data-element_type=\"widget\" data-e-type=\"widget\" data-settings=\"{&quot;_animation&quot;:&quot;fadeInUp&quot;}\" data-widget_type=\"heading.default\">\n\t\t\t\t<div class=\"elementor-widget-container\">\n\t\t\t\t\t<h2 class=\"elementor-heading-title elementor-size-default\">Condiciones de compra<\/h2>\t\t\t\t<\/div>\n\t\t\t\t<\/div>\n\t\t\t\t<div class=\"elementor-element elementor-element-8df19b4 elementor-invisible elementor-widget elementor-widget-toggle\" data-id=\"8df19b4\" data-element_type=\"widget\" data-e-type=\"widget\" data-settings=\"{&quot;_animation&quot;:&quot;fadeInUp&quot;,&quot;_animation_delay&quot;:400}\" data-widget_type=\"toggle.default\">\n\t\t\t\t<div class=\"elementor-widget-container\">\n\t\t\t\t\t\t\t<div class=\"elementor-toggle\">\n\t\t\t\t\t\t\t<div class=\"elementor-toggle-item\">\n\t\t\t\t\t<div id=\"elementor-tab-title-1481\" class=\"elementor-tab-title\" data-tab=\"1\" role=\"button\" aria-controls=\"elementor-tab-content-1481\" aria-expanded=\"false\">\n\t\t\t\t\t\t\t\t\t\t\t\t<span class=\"elementor-toggle-icon elementor-toggle-icon-right\" aria-hidden=\"true\">\n\t\t\t\t\t\t\t\t\t\t\t\t\t\t\t<span class=\"elementor-toggle-icon-closed\"><svg class=\"e-font-icon-svg e-fas-chevron-down\" viewBox=\"0 0 448 512\" xmlns=\"http:\/\/www.w3.org\/2000\/svg\"><path d=\"M207.029 381.476L12.686 187.132c-9.373-9.373-9.373-24.569 0-33.941l22.667-22.667c9.357-9.357 24.522-9.375 33.901-.04L224 284.505l154.745-154.021c9.379-9.335 24.544-9.317 33.901.04l22.667 22.667c9.373 9.373 9.373 24.569 0 33.941L240.971 381.476c-9.373 9.372-24.569 9.372-33.942 0z\"><\/path><\/svg><\/span>\n\t\t\t\t\t\t\t\t<span class=\"elementor-toggle-icon-opened\"><svg class=\"elementor-toggle-icon-opened e-font-icon-svg e-fas-chevron-up\" viewBox=\"0 0 448 512\" xmlns=\"http:\/\/www.w3.org\/2000\/svg\"><path d=\"M240.971 130.524l194.343 194.343c9.373 9.373 9.373 24.569 0 33.941l-22.667 22.667c-9.357 9.357-24.522 9.375-33.901.04L224 227.495 69.255 381.516c-9.379 9.335-24.544 9.317-33.901-.04l-22.667-22.667c-9.373-9.373-9.373-24.569 0-33.941L207.03 130.525c9.372-9.373 24.568-9.373 33.941-.001z\"><\/path><\/svg><\/span>\n\t\t\t\t\t\t\t\t\t\t\t\t\t<\/span>\n\t\t\t\t\t\t\t\t\t\t\t\t<a class=\"elementor-toggle-title\" tabindex=\"0\">I. Disposiciones b\u00e1sicas<\/a>\n\t\t\t\t\t<\/div>\n\n\t\t\t\t\t<div id=\"elementor-tab-content-1481\" class=\"elementor-tab-content elementor-clearfix\" data-tab=\"1\" role=\"region\" aria-labelledby=\"elementor-tab-title-1481\"><p>Las presentes Condiciones Generales de Compraventa (en adelante, las \u00abCondiciones Generales\u00bb) establecen los derechos, obligaciones y responsabilidades rec\u00edprocos de la persona que compra la mercanc\u00eda en la tienda online www.soliaras.eu (en adelante, el \u00abComprador\u00bb) y \u00abSoliaras.eu\u00bb (en adelante, el \u00abVendedor\u00bb). Al comprar los productos en la tienda online, el Comprador acepta la aplicaci\u00f3n de las presentes Condiciones Generales.<\/p><p>El Contrato de compraventa entre el Comprador y el Vendedor se considerar\u00e1 celebrado a partir del momento en que el Comprador, habiendo creado un carrito de la compra en la tienda online, indicado la direcci\u00f3n de entrega, seleccionado la forma de pago y familiarizado con las presentes Condiciones Generales, haga clic en el bot\u00f3n \u00abRealizar pedido\u00bb y ser\u00e1 v\u00e1lido hasta el cumplimiento \u00edntegro de las obligaciones derivadas del presente Contrato.<\/p><\/div>\n\t\t\t\t<\/div>\n\t\t\t\t\t\t\t<div class=\"elementor-toggle-item\">\n\t\t\t\t\t<div id=\"elementor-tab-title-1482\" class=\"elementor-tab-title\" data-tab=\"2\" role=\"button\" aria-controls=\"elementor-tab-content-1482\" aria-expanded=\"false\">\n\t\t\t\t\t\t\t\t\t\t\t\t<span class=\"elementor-toggle-icon elementor-toggle-icon-right\" aria-hidden=\"true\">\n\t\t\t\t\t\t\t\t\t\t\t\t\t\t\t<span class=\"elementor-toggle-icon-closed\"><svg class=\"e-font-icon-svg e-fas-chevron-down\" viewBox=\"0 0 448 512\" xmlns=\"http:\/\/www.w3.org\/2000\/svg\"><path d=\"M207.029 381.476L12.686 187.132c-9.373-9.373-9.373-24.569 0-33.941l22.667-22.667c9.357-9.357 24.522-9.375 33.901-.04L224 284.505l154.745-154.021c9.379-9.335 24.544-9.317 33.901.04l22.667 22.667c9.373 9.373 9.373 24.569 0 33.941L240.971 381.476c-9.373 9.372-24.569 9.372-33.942 0z\"><\/path><\/svg><\/span>\n\t\t\t\t\t\t\t\t<span class=\"elementor-toggle-icon-opened\"><svg class=\"elementor-toggle-icon-opened e-font-icon-svg e-fas-chevron-up\" viewBox=\"0 0 448 512\" xmlns=\"http:\/\/www.w3.org\/2000\/svg\"><path d=\"M240.971 130.524l194.343 194.343c9.373 9.373 9.373 24.569 0 33.941l-22.667 22.667c-9.357 9.357-24.522 9.375-33.901.04L224 227.495 69.255 381.516c-9.379 9.335-24.544 9.317-33.901-.04l-22.667-22.667c-9.373-9.373-9.373-24.569 0-33.941L207.03 130.525c9.372-9.373 24.568-9.373 33.941-.001z\"><\/path><\/svg><\/span>\n\t\t\t\t\t\t\t\t\t\t\t\t\t<\/span>\n\t\t\t\t\t\t\t\t\t\t\t\t<a class=\"elementor-toggle-title\" tabindex=\"0\">II. Derechos y obligaciones del Vendedor<\/a>\n\t\t\t\t\t<\/div>\n\n\t\t\t\t\t<div id=\"elementor-tab-content-1482\" class=\"elementor-tab-content elementor-clearfix\" data-tab=\"2\" role=\"region\" aria-labelledby=\"elementor-tab-title-1482\"><p>El Vendedor tiene derecho a modificar unilateralmente las presentes Condiciones Generales mediante la publicaci\u00f3n de las nuevas Condiciones Generales en la p\u00e1gina web de la tienda electr\u00f3nica. Las modificaciones entrar\u00e1n en vigor a partir del momento de su publicaci\u00f3n para todas las transacciones.<\/p><p>El Vendedor, en caso de circunstancias importantes, no pudiendo entregar la mercanc\u00eda pedida al Comprador, se compromete a ofrecer un producto equivalente o a reembolsar el dinero pagado por el Comprador en un plazo de 3 d\u00edas laborables. En este caso, el Vendedor quedar\u00e1 exento de responsabilidad por la falta de entrega de la mercanc\u00eda.<\/p><p>El Vendedor tendr\u00e1 otros derechos y obligaciones previstos en las Condiciones Generales y en la legislaci\u00f3n de la Rep\u00fablica de Lituania.<\/p><\/div>\n\t\t\t\t<\/div>\n\t\t\t\t\t\t\t<div class=\"elementor-toggle-item\">\n\t\t\t\t\t<div id=\"elementor-tab-title-1483\" class=\"elementor-tab-title\" data-tab=\"3\" role=\"button\" aria-controls=\"elementor-tab-content-1483\" aria-expanded=\"false\">\n\t\t\t\t\t\t\t\t\t\t\t\t<span class=\"elementor-toggle-icon elementor-toggle-icon-right\" aria-hidden=\"true\">\n\t\t\t\t\t\t\t\t\t\t\t\t\t\t\t<span class=\"elementor-toggle-icon-closed\"><svg class=\"e-font-icon-svg e-fas-chevron-down\" viewBox=\"0 0 448 512\" xmlns=\"http:\/\/www.w3.org\/2000\/svg\"><path d=\"M207.029 381.476L12.686 187.132c-9.373-9.373-9.373-24.569 0-33.941l22.667-22.667c9.357-9.357 24.522-9.375 33.901-.04L224 284.505l154.745-154.021c9.379-9.335 24.544-9.317 33.901.04l22.667 22.667c9.373 9.373 9.373 24.569 0 33.941L240.971 381.476c-9.373 9.372-24.569 9.372-33.942 0z\"><\/path><\/svg><\/span>\n\t\t\t\t\t\t\t\t<span class=\"elementor-toggle-icon-opened\"><svg class=\"elementor-toggle-icon-opened e-font-icon-svg e-fas-chevron-up\" viewBox=\"0 0 448 512\" xmlns=\"http:\/\/www.w3.org\/2000\/svg\"><path d=\"M240.971 130.524l194.343 194.343c9.373 9.373 9.373 24.569 0 33.941l-22.667 22.667c-9.357 9.357-24.522 9.375-33.901.04L224 227.495 69.255 381.516c-9.379 9.335-24.544 9.317-33.901-.04l-22.667-22.667c-9.373-9.373-9.373-24.569 0-33.941L207.03 130.525c9.372-9.373 24.568-9.373 33.941-.001z\"><\/path><\/svg><\/span>\n\t\t\t\t\t\t\t\t\t\t\t\t\t<\/span>\n\t\t\t\t\t\t\t\t\t\t\t\t<a class=\"elementor-toggle-title\" tabindex=\"0\">III. Derechos y obligaciones del Comprador<\/a>\n\t\t\t\t\t<\/div>\n\n\t\t\t\t\t<div id=\"elementor-tab-content-1483\" class=\"elementor-tab-content elementor-clearfix\" data-tab=\"3\" role=\"region\" aria-labelledby=\"elementor-tab-title-1483\"><p>El Comprador tendr\u00e1 derecho a adquirir mercanc\u00edas en la tienda online de conformidad con las presentes Condiciones Generales y la legislaci\u00f3n de la Rep\u00fablica de Lituania.<\/p><p>En el momento de la entrega de la mercanc\u00eda, el Comprador deber\u00e1 comprobar si el paquete no est\u00e1 da\u00f1ado (arrugado, mojado o deteriorado de cualquier otro modo) y si se han recibido todas las mercanc\u00edas solicitadas. En caso de que el env\u00edo est\u00e9 da\u00f1ado o falten determinadas mercanc\u00edas, no se aceptar\u00e1 el env\u00edo y se har\u00e1 constar en la carta de porte. Una vez que el Comprador haya aceptado la mercanc\u00eda y firmado la carta de porte sin ninguna observaci\u00f3n, se considerar\u00e1 que la mercanc\u00eda est\u00e1 en buen estado (el paquete se entrega en un embalaje intacto y corresponde a la cantidad y calidad de la mercanc\u00eda), y no se podr\u00e1 presentar ninguna reclamaci\u00f3n posteriormente.<\/p><p>El Comprador deber\u00e1 abonar el precio de la mercanc\u00eda y su entrega, as\u00ed como otros pagos (si se indican al celebrar el contrato) y aceptar la mercanc\u00eda solicitada. El Comprador deber\u00e1 pagar las mercanc\u00edas mediante los m\u00e9todos indicados en la tienda online: banca electr\u00f3nica o transferencia bancaria a la cuenta del Vendedor especificada en los datos del Vendedor.<\/p><p>El Vendedor considerar\u00e1 que el Comprador ha pagado la mercanc\u00eda desde el momento en que el importe total se abone en la cuenta bancaria del Vendedor.<\/p><p>Si los datos facilitados por el Comprador en el formulario de registro cambian, el Comprador deber\u00e1 actualizarlos inmediatamente y notificarlo al Vendedor.<\/p><p>El Comprador tendr\u00e1 otros derechos y obligaciones previstos en las Condiciones Generales y en la legislaci\u00f3n de la Rep\u00fablica de Lituania.<\/p><\/div>\n\t\t\t\t<\/div>\n\t\t\t\t\t\t\t<div class=\"elementor-toggle-item\">\n\t\t\t\t\t<div id=\"elementor-tab-title-1484\" class=\"elementor-tab-title\" data-tab=\"4\" role=\"button\" aria-controls=\"elementor-tab-content-1484\" aria-expanded=\"false\">\n\t\t\t\t\t\t\t\t\t\t\t\t<span class=\"elementor-toggle-icon elementor-toggle-icon-right\" aria-hidden=\"true\">\n\t\t\t\t\t\t\t\t\t\t\t\t\t\t\t<span class=\"elementor-toggle-icon-closed\"><svg class=\"e-font-icon-svg e-fas-chevron-down\" viewBox=\"0 0 448 512\" xmlns=\"http:\/\/www.w3.org\/2000\/svg\"><path d=\"M207.029 381.476L12.686 187.132c-9.373-9.373-9.373-24.569 0-33.941l22.667-22.667c9.357-9.357 24.522-9.375 33.901-.04L224 284.505l154.745-154.021c9.379-9.335 24.544-9.317 33.901.04l22.667 22.667c9.373 9.373 9.373 24.569 0 33.941L240.971 381.476c-9.373 9.372-24.569 9.372-33.942 0z\"><\/path><\/svg><\/span>\n\t\t\t\t\t\t\t\t<span class=\"elementor-toggle-icon-opened\"><svg class=\"elementor-toggle-icon-opened e-font-icon-svg e-fas-chevron-up\" viewBox=\"0 0 448 512\" xmlns=\"http:\/\/www.w3.org\/2000\/svg\"><path d=\"M240.971 130.524l194.343 194.343c9.373 9.373 9.373 24.569 0 33.941l-22.667 22.667c-9.357 9.357-24.522 9.375-33.901.04L224 227.495 69.255 381.516c-9.379 9.335-24.544 9.317-33.901-.04l-22.667-22.667c-9.373-9.373-9.373-24.569 0-33.941L207.03 130.525c9.372-9.373 24.568-9.373 33.941-.001z\"><\/path><\/svg><\/span>\n\t\t\t\t\t\t\t\t\t\t\t\t\t<\/span>\n\t\t\t\t\t\t\t\t\t\t\t\t<a class=\"elementor-toggle-title\" tabindex=\"0\">IV. Pago<\/a>\n\t\t\t\t\t<\/div>\n\n\t\t\t\t\t<div id=\"elementor-tab-content-1484\" class=\"elementor-tab-content elementor-clearfix\" data-tab=\"4\" role=\"region\" aria-labelledby=\"elementor-tab-title-1484\"><p>Est\u00e1n disponibles los siguientes m\u00e9todos de pago:<\/p><ul><li>Pago por banca electr\u00f3nica.<\/li><\/ul><\/div>\n\t\t\t\t<\/div>\n\t\t\t\t\t\t\t\t\t\t<script type=\"application\/ld+json\">{\"@context\":\"https:\\\/\\\/schema.org\",\"@type\":\"FAQPage\",\"mainEntity\":[{\"@type\":\"Question\",\"name\":\"I. Disposiciones b\\u00e1sicas\",\"acceptedAnswer\":{\"@type\":\"Answer\",\"text\":\"<p>Las presentes Condiciones Generales de Compraventa (en adelante, las \\u00abCondiciones Generales\\u00bb) establecen los derechos, obligaciones y responsabilidades rec\\u00edprocos de la persona que compra la mercanc\\u00eda en la tienda online www.soliaras.eu (en adelante, el \\u00abComprador\\u00bb) y \\u00abSoliaras.eu\\u00bb (en adelante, el \\u00abVendedor\\u00bb). Al comprar los productos en la tienda online, el Comprador acepta la aplicaci\\u00f3n de las presentes Condiciones Generales.<\\\/p><p>El Contrato de compraventa entre el Comprador y el Vendedor se considerar\\u00e1 celebrado a partir del momento en que el Comprador, habiendo creado un carrito de la compra en la tienda online, indicado la direcci\\u00f3n de entrega, seleccionado la forma de pago y familiarizado con las presentes Condiciones Generales, haga clic en el bot\\u00f3n \\u00abRealizar pedido\\u00bb y ser\\u00e1 v\\u00e1lido hasta el cumplimiento \\u00edntegro de las obligaciones derivadas del presente Contrato.<\\\/p>\"}},{\"@type\":\"Question\",\"name\":\"II. Derechos y obligaciones del Vendedor\",\"acceptedAnswer\":{\"@type\":\"Answer\",\"text\":\"<p>El Vendedor tiene derecho a modificar unilateralmente las presentes Condiciones Generales mediante la publicaci\\u00f3n de las nuevas Condiciones Generales en la p\\u00e1gina web de la tienda electr\\u00f3nica. Las modificaciones entrar\\u00e1n en vigor a partir del momento de su publicaci\\u00f3n para todas las transacciones.<\\\/p><p>El Vendedor, en caso de circunstancias importantes, no pudiendo entregar la mercanc\\u00eda pedida al Comprador, se compromete a ofrecer un producto equivalente o a reembolsar el dinero pagado por el Comprador en un plazo de 3 d\\u00edas laborables. En este caso, el Vendedor quedar\\u00e1 exento de responsabilidad por la falta de entrega de la mercanc\\u00eda.<\\\/p><p>El Vendedor tendr\\u00e1 otros derechos y obligaciones previstos en las Condiciones Generales y en la legislaci\\u00f3n de la Rep\\u00fablica de Lituania.<\\\/p>\"}},{\"@type\":\"Question\",\"name\":\"III. Derechos y obligaciones del Comprador\",\"acceptedAnswer\":{\"@type\":\"Answer\",\"text\":\"<p>El Comprador tendr\\u00e1 derecho a adquirir mercanc\\u00edas en la tienda online de conformidad con las presentes Condiciones Generales y la legislaci\\u00f3n de la Rep\\u00fablica de Lituania.<\\\/p><p>En el momento de la entrega de la mercanc\\u00eda, el Comprador deber\\u00e1 comprobar si el paquete no est\\u00e1 da\\u00f1ado (arrugado, mojado o deteriorado de cualquier otro modo) y si se han recibido todas las mercanc\\u00edas solicitadas. En caso de que el env\\u00edo est\\u00e9 da\\u00f1ado o falten determinadas mercanc\\u00edas, no se aceptar\\u00e1 el env\\u00edo y se har\\u00e1 constar en la carta de porte. Una vez que el Comprador haya aceptado la mercanc\\u00eda y firmado la carta de porte sin ninguna observaci\\u00f3n, se considerar\\u00e1 que la mercanc\\u00eda est\\u00e1 en buen estado (el paquete se entrega en un embalaje intacto y corresponde a la cantidad y calidad de la mercanc\\u00eda), y no se podr\\u00e1 presentar ninguna reclamaci\\u00f3n posteriormente.<\\\/p><p>El Comprador deber\\u00e1 abonar el precio de la mercanc\\u00eda y su entrega, as\\u00ed como otros pagos (si se indican al celebrar el contrato) y aceptar la mercanc\\u00eda solicitada. El Comprador deber\\u00e1 pagar las mercanc\\u00edas mediante los m\\u00e9todos indicados en la tienda online: banca electr\\u00f3nica o transferencia bancaria a la cuenta del Vendedor especificada en los datos del Vendedor.<\\\/p><p>El Vendedor considerar\\u00e1 que el Comprador ha pagado la mercanc\\u00eda desde el momento en que el importe total se abone en la cuenta bancaria del Vendedor.<\\\/p><p>Si los datos facilitados por el Comprador en el formulario de registro cambian, el Comprador deber\\u00e1 actualizarlos inmediatamente y notificarlo al Vendedor.<\\\/p><p>El Comprador tendr\\u00e1 otros derechos y obligaciones previstos en las Condiciones Generales y en la legislaci\\u00f3n de la Rep\\u00fablica de Lituania.<\\\/p>\"}},{\"@type\":\"Question\",\"name\":\"IV. Pago\",\"acceptedAnswer\":{\"@type\":\"Answer\",\"text\":\"<p>Est\\u00e1n disponibles los siguientes m\\u00e9todos de pago:<\\\/p><ul><li>Pago por banca electr\\u00f3nica.<\\\/li><\\\/ul>\"}}]}<\/script>\n\t\t\t\t\t<\/div>\n\t\t\t\t\t\t<\/div>\n\t\t\t\t<\/div>\n\t\t\t\t\t<\/div>\n\t\t\t\t<\/div>\n\t\t\t\t<\/div>\n\t\t","protected":false},"excerpt":{"rendered":"<p>I. Disposiciones b\u00e1sicas Las presentes Condiciones Generales de Compraventa (en adelante, las &#8222;Condiciones Generales&#8221;) establecen los derechos, obligaciones y responsabilidades rec\u00edprocos de la persona que compra la mercanc\u00eda en la tienda online www.soliaras.eu (en adelante, el &#8222;Comprador&#8221;) y &#8222;Soliaras.eu&#8221; (en adelante, el &#8222;Vendedor&#8221;). Al comprar los productos en la tienda online, el Comprador acepta la [&hellip;]<\/p>\n","protected":false},"author":1,"featured_media":0,"parent":0,"menu_order":0,"comment_status":"closed","ping_status":"closed","template":"","meta":{"footnotes":""},"class_list":["post-1144","page","type-page","status-publish","hentry"],"_links":{"self":[{"href":"https:\/\/soliaras.eu\/es\/wp-json\/wp\/v2\/pages\/1144","targetHints":{"allow":["GET"]}}],"collection":[{"href":"https:\/\/soliaras.eu\/es\/wp-json\/wp\/v2\/pages"}],"about":[{"href":"https:\/\/soliaras.eu\/es\/wp-json\/wp\/v2\/types\/page"}],"author":[{"embeddable":true,"href":"https:\/\/soliaras.eu\/es\/wp-json\/wp\/v2\/users\/1"}],"replies":[{"embeddable":true,"href":"https:\/\/soliaras.eu\/es\/wp-json\/wp\/v2\/comments?post=1144"}],"version-history":[{"count":5,"href":"https:\/\/soliaras.eu\/es\/wp-json\/wp\/v2\/pages\/1144\/revisions"}],"predecessor-version":[{"id":1245,"href":"https:\/\/soliaras.eu\/es\/wp-json\/wp\/v2\/pages\/1144\/revisions\/1245"}],"wp:attachment":[{"href":"https:\/\/soliaras.eu\/es\/wp-json\/wp\/v2\/media?parent=1144"}],"curies":[{"name":"wp","href":"https:\/\/api.w.org\/{rel}","templated":true}]}}