{"id":1138,"date":"2023-12-14T11:16:11","date_gmt":"2023-12-14T09:16:11","guid":{"rendered":"https:\/\/soliaras.eu\/pinigu-grazinimo-politika\/"},"modified":"2025-03-17T12:10:44","modified_gmt":"2025-03-17T10:10:44","slug":"politica-de-devoluciones","status":"publish","type":"page","link":"https:\/\/soliaras.eu\/es\/politica-de-devoluciones\/","title":{"rendered":"Pol\u00edtica de devoluciones"},"content":{"rendered":"\t\t<div data-elementor-type=\"wp-page\" data-elementor-id=\"1138\" class=\"elementor elementor-1138 elementor-511\" data-elementor-post-type=\"page\">\n\t\t\t\t<div class=\"elementor-element elementor-element-f41af6b e-flex e-con-boxed e-con e-parent\" data-id=\"f41af6b\" data-element_type=\"container\" data-e-type=\"container\" data-settings=\"{&quot;background_background&quot;:&quot;classic&quot;}\">\n\t\t\t\t\t<div class=\"e-con-inner\">\n\t\t\t\t<div class=\"elementor-element elementor-element-f7446dd elementor-invisible elementor-widget elementor-widget-heading\" data-id=\"f7446dd\" data-element_type=\"widget\" data-e-type=\"widget\" data-settings=\"{&quot;_animation&quot;:&quot;fadeInUp&quot;}\" data-widget_type=\"heading.default\">\n\t\t\t\t<div class=\"elementor-widget-container\">\n\t\t\t\t\t<h2 class=\"elementor-heading-title elementor-size-default\">Pol\u00edtica de devoluciones<\/h2>\t\t\t\t<\/div>\n\t\t\t\t<\/div>\n\t\t\t\t<div class=\"elementor-element elementor-element-2178b63 elementor-widget elementor-widget-text-editor\" data-id=\"2178b63\" data-element_type=\"widget\" data-e-type=\"widget\" data-widget_type=\"text-editor.default\">\n\t\t\t\t<div class=\"elementor-widget-container\">\n\t\t\t\t\t\t\t\t\t<h3><strong>Devoluci\u00f3n de la mercanc\u00eda<\/strong><\/h3><p>En caso de que la mercanc\u00eda sea de mala calidad, el Comprador deber\u00e1 informar a los administradores del sitio web www.soliaras.eu sobre los defectos de calidad en un plazo de 48 horas. El Comprador podr\u00e1 notificar sobre la mercanc\u00eda de calidad defectuosa por correo electr\u00f3nico: info@soliaras.eu.<\/p><p>La mercanc\u00eda se devuelve en el embalaje original del producto y del env\u00edo, junto con los documentos del producto. Antes de devolver la mercanc\u00eda, el Comprador deber\u00e1 ponerse en contacto con el Vendedor por correo electr\u00f3nico: info@soliaras.eu.<\/p><p>El Comprador ser\u00e1 responsable de la correcta cumplimentaci\u00f3n y embalaje del producto devuelto. Si la mercanc\u00eda no est\u00e1 completa y\/o correctamente embalada, el Vendedor no aceptar\u00e1 el art\u00edculo devuelto. El Vendedor recuperar\u00e1 el producto defectuoso a sus expensas y lo sustituir\u00e1 por un producto de calidad satisfactoria o reembolsar\u00e1 al Comprador el dinero pagado por el producto defectuoso. El saldo del producto no podr\u00e1 ser inferior al 95%.<\/p><p>En caso de que el Comprador desee recibir un reembolso por la mercanc\u00eda devuelta de calidad insatisfactoria, deber\u00e1 presentar una solicitud de reembolso a info@soliaras.eu. En la solicitud de reembolso, el Comprador deber\u00e1 especificar: nombre, apellidos, n\u00famero de pedido, nombre y cantidad de la mercanc\u00eda defectuosa y el motivo del reembolso. El dinero se reembolsar\u00e1 a la cuenta bancaria del Comprador desde la que se pag\u00f3 la mercanc\u00eda. El reembolso se efectuar\u00e1 en un plazo de 3 d\u00edas laborables a partir de la fecha de la solicitud escrita del Comprador y del env\u00edo de la mercanc\u00eda defectuosa al Vendedor.<\/p><p>En todos los casos de devoluci\u00f3n, el Comprador deber\u00e1 dirigirse en primer lugar a los contactos indicados, y s\u00f3lo tras recibir la informaci\u00f3n del representante de la tienda, efectuar la devoluci\u00f3n.<\/p>\t\t\t\t\t\t\t\t<\/div>\n\t\t\t\t<\/div>\n\t\t\t\t\t<\/div>\n\t\t\t\t<\/div>\n\t\t\t\t<\/div>\n\t\t","protected":false},"excerpt":{"rendered":"<p>Devoluci\u00f3n de la mercanc\u00eda En caso de que la mercanc\u00eda sea de mala calidad, el Comprador deber\u00e1 informar a los administradores del sitio web www.soliaras.eu sobre los defectos de calidad en un plazo de 48 horas. El Comprador podr\u00e1 notificar sobre la mercanc\u00eda de calidad defectuosa por correo electr\u00f3nico: info@soliaras.eu. La mercanc\u00eda se devuelve en [&hellip;]<\/p>\n","protected":false},"author":1,"featured_media":0,"parent":0,"menu_order":0,"comment_status":"closed","ping_status":"closed","template":"","meta":{"footnotes":""},"class_list":["post-1138","page","type-page","status-publish","hentry"],"_links":{"self":[{"href":"https:\/\/soliaras.eu\/es\/wp-json\/wp\/v2\/pages\/1138","targetHints":{"allow":["GET"]}}],"collection":[{"href":"https:\/\/soliaras.eu\/es\/wp-json\/wp\/v2\/pages"}],"about":[{"href":"https:\/\/soliaras.eu\/es\/wp-json\/wp\/v2\/types\/page"}],"author":[{"embeddable":true,"href":"https:\/\/soliaras.eu\/es\/wp-json\/wp\/v2\/users\/1"}],"replies":[{"embeddable":true,"href":"https:\/\/soliaras.eu\/es\/wp-json\/wp\/v2\/comments?post=1138"}],"version-history":[{"count":5,"href":"https:\/\/soliaras.eu\/es\/wp-json\/wp\/v2\/pages\/1138\/revisions"}],"predecessor-version":[{"id":1242,"href":"https:\/\/soliaras.eu\/es\/wp-json\/wp\/v2\/pages\/1138\/revisions\/1242"}],"wp:attachment":[{"href":"https:\/\/soliaras.eu\/es\/wp-json\/wp\/v2\/media?parent=1138"}],"curies":[{"name":"wp","href":"https:\/\/api.w.org\/{rel}","templated":true}]}}