{"id":1123,"date":"2024-01-22T12:44:09","date_gmt":"2024-01-22T10:44:09","guid":{"rendered":"https:\/\/soliaras.eu\/paskyra\/"},"modified":"2024-11-28T11:21:16","modified_gmt":"2024-11-28T09:21:16","slug":"cuenta-de-cliente","status":"publish","type":"page","link":"https:\/\/soliaras.eu\/es\/cuenta-de-cliente\/","title":{"rendered":"Cuenta de cliente"},"content":{"rendered":"\t\t<div data-elementor-type=\"wp-page\" data-elementor-id=\"1123\" class=\"elementor elementor-1123 elementor-749\" data-elementor-post-type=\"page\">\n\t\t\t\t<div class=\"elementor-element elementor-element-30c760c e-flex e-con-boxed e-con e-parent\" data-id=\"30c760c\" data-element_type=\"container\" data-e-type=\"container\" data-settings=\"{&quot;background_background&quot;:&quot;classic&quot;}\">\n\t\t\t\t\t<div class=\"e-con-inner\">\n\t\t<div class=\"elementor-element elementor-element-134fa49 e-con-full e-flex e-con e-child\" data-id=\"134fa49\" data-element_type=\"container\" data-e-type=\"container\">\n\t\t\t\t<div class=\"elementor-element elementor-element-df48211 e-my-account-tabs-vertical elementor-widget elementor-widget-woocommerce-my-account\" data-id=\"df48211\" data-element_type=\"widget\" data-e-type=\"widget\" data-widget_type=\"woocommerce-my-account.default\">\n\t\t\t\t<div class=\"elementor-widget-container\">\n\t\t\t\t\t<div class=\"e-my-account-tab e-my-account-tab__ \">\t\t\t<div class=\"woocommerce\"><\/div>\t\t<\/div>\n\t\t\t\t\t\t<\/div>\n\t\t\t\t<\/div>\n\t\t\t\t<\/div>\n\t\t\t\t\t<\/div>\n\t\t\t\t<\/div>\n\t\t\t\t<\/div>\n\t\t","protected":false},"excerpt":{"rendered":"<p>Skydelis U\u017esakymai Atsisiuntimai Adresai Paskyra Atsijungti Sveiki, soliaras.eu! (J\u016bs ne soliaras.eu? Atsijunkite) Paskyroje galite per\u017ei\u016br\u0117ti savo u\u017esakymus, redaguoti savoregistracijos ir pristatymo adresus bei keisti slapta\u017eod\u012f ir kitus paskyros duomenis.<\/p>\n","protected":false},"author":1,"featured_media":0,"parent":0,"menu_order":0,"comment_status":"closed","ping_status":"closed","template":"","meta":{"footnotes":""},"class_list":["post-1123","page","type-page","status-publish","hentry"],"_links":{"self":[{"href":"https:\/\/soliaras.eu\/es\/wp-json\/wp\/v2\/pages\/1123","targetHints":{"allow":["GET"]}}],"collection":[{"href":"https:\/\/soliaras.eu\/es\/wp-json\/wp\/v2\/pages"}],"about":[{"href":"https:\/\/soliaras.eu\/es\/wp-json\/wp\/v2\/types\/page"}],"author":[{"embeddable":true,"href":"https:\/\/soliaras.eu\/es\/wp-json\/wp\/v2\/users\/1"}],"replies":[{"embeddable":true,"href":"https:\/\/soliaras.eu\/es\/wp-json\/wp\/v2\/comments?post=1123"}],"version-history":[{"count":2,"href":"https:\/\/soliaras.eu\/es\/wp-json\/wp\/v2\/pages\/1123\/revisions"}],"predecessor-version":[{"id":1126,"href":"https:\/\/soliaras.eu\/es\/wp-json\/wp\/v2\/pages\/1123\/revisions\/1126"}],"wp:attachment":[{"href":"https:\/\/soliaras.eu\/es\/wp-json\/wp\/v2\/media?parent=1123"}],"curies":[{"name":"wp","href":"https:\/\/api.w.org\/{rel}","templated":true}]}}